{"id":45,"date":"2020-08-26T08:11:18","date_gmt":"2020-08-26T08:11:18","guid":{"rendered":"https:\/\/mydev.h2g.pl\/be\/firm2\/?page_id=45"},"modified":"2025-04-30T22:09:42","modified_gmt":"2025-05-01T03:09:42","slug":"nosotros","status":"publish","type":"page","link":"https:\/\/cardiologosdelcafe.com\/?page_id=45","title":{"rendered":"Nosotros"},"content":{"rendered":"\t\t<div data-elementor-type=\"wp-page\" data-elementor-id=\"45\" class=\"elementor elementor-45\" data-elementor-settings=\"[]\">\n\t\t\t\t\t\t\t<div class=\"elementor-section-wrap\">\n\t\t\t\t\t\t\t<section class=\"elementor-section elementor-top-section elementor-element elementor-element-4e5c355 elementor-section-stretched elementor-section-full_width elementor-section-height-default elementor-section-height-default\" data-id=\"4e5c355\" data-element_type=\"section\" data-settings=\"{&quot;stretch_section&quot;:&quot;section-stretched&quot;,&quot;background_background&quot;:&quot;classic&quot;}\">\n\t\t\t\t\t\t<div class=\"elementor-container elementor-column-gap-no\">\n\t\t\t\t\t<div class=\"elementor-column elementor-col-50 elementor-top-column elementor-element elementor-element-db69af0\" data-id=\"db69af0\" data-element_type=\"column\">\n\t\t\t<div class=\"elementor-widget-wrap elementor-element-populated\">\n\t\t\t\t\t\t\t\t<div class=\"elementor-element elementor-element-625ca80 elementor-widget elementor-widget-text-editor\" data-id=\"625ca80\" data-element_type=\"widget\" data-widget_type=\"text-editor.default\">\n\t\t\t\t<div class=\"elementor-widget-container\">\n\t\t\t\t\t\t\t<h2><strong>Cardi\u00f3logos del Caf\u00e9 SAS<\/strong><\/h2><hr \/><p>Es una Instituci\u00f3n Prestadora de Servicios de Salud (IPS) de alta complejidad, inscrita en el Registro Especial de Prestadores de Servicios de Salud (REPS), creada el 18 de agosto de 2009, mediante documento privado, registrada en la C\u00e1mara de Comercio de Armenia mediante Matricula No. 00163330.<\/p><p>CARDI\u00d3LOGOS DEL CAF\u00c9\u00a0 como IPS desde su nacimiento esta interesada en dar la mejor atenci\u00f3n posible a los usuarios y familias que son atendidos en nuestras sedes, por lo que ha fortalecido la implementaci\u00f3n del Sistema Obligatorio de Garant\u00eda de la calidad, prueba de ello su PAMEC (Plan de Auditoria para Mejoramiento Continuo de la Calidad) esta enfocado en estandares de acreditaci\u00f3n.<\/p><p>Actualmente cuenta con dos sedes en operaci\u00f3n, en la ciudad de Armenia, una ubicada dentro de las instalaciones del Hospital Departamental Universitario San Juan de Dios y otra\u00a0 en la Cl\u00ednica del Caf\u00e9, todas garantizando el cumplimiento del Sistema Obligatorio de Garant\u00eda de la Calidad en todos sus componentes.<\/p>\t\t\t\t\t\t<\/div>\n\t\t\t\t<\/div>\n\t\t\t\t\t<\/div>\n\t\t<\/div>\n\t\t\t\t<div class=\"elementor-column elementor-col-50 elementor-top-column elementor-element elementor-element-bd30565\" data-id=\"bd30565\" data-element_type=\"column\">\n\t\t\t<div class=\"elementor-widget-wrap elementor-element-populated\">\n\t\t\t\t\t\t\t\t<div class=\"elementor-element elementor-element-01d8eed elementor-widget elementor-widget-image\" data-id=\"01d8eed\" data-element_type=\"widget\" data-widget_type=\"image.default\">\n\t\t\t\t<div class=\"elementor-widget-container\">\n\t\t\t\t\t\t\t\t\t\t\t\t<figure class=\"wp-caption\">\n\t\t\t\t\t\t\t\t\t\t<img loading=\"lazy\" decoding=\"async\" width=\"1024\" height=\"1009\" src=\"https:\/\/cardiologosdelcafe.com\/wp-content\/uploads\/2024\/03\/PRESENTACION-FORMATO-1024-X-1009.png\" class=\"attachment-large size-large\" alt=\"\" srcset=\"https:\/\/cardiologosdelcafe.com\/wp-content\/uploads\/2024\/03\/PRESENTACION-FORMATO-1024-X-1009.png 1024w, https:\/\/cardiologosdelcafe.com\/wp-content\/uploads\/2024\/03\/PRESENTACION-FORMATO-1024-X-1009-300x296.png 300w, https:\/\/cardiologosdelcafe.com\/wp-content\/uploads\/2024\/03\/PRESENTACION-FORMATO-1024-X-1009-768x757.png 768w, https:\/\/cardiologosdelcafe.com\/wp-content\/uploads\/2024\/03\/PRESENTACION-FORMATO-1024-X-1009-148x146.png 148w, https:\/\/cardiologosdelcafe.com\/wp-content\/uploads\/2024\/03\/PRESENTACION-FORMATO-1024-X-1009-50x50.png 50w, https:\/\/cardiologosdelcafe.com\/wp-content\/uploads\/2024\/03\/PRESENTACION-FORMATO-1024-X-1009-76x75.png 76w, https:\/\/cardiologosdelcafe.com\/wp-content\/uploads\/2024\/03\/PRESENTACION-FORMATO-1024-X-1009-85x85.png 85w, https:\/\/cardiologosdelcafe.com\/wp-content\/uploads\/2024\/03\/PRESENTACION-FORMATO-1024-X-1009-80x80.png 80w\" sizes=\"auto, (max-width: 1024px) 100vw, 1024px\" \/>\t\t\t\t\t\t\t\t\t\t\t<figcaption class=\"widget-image-caption wp-caption-text\">Dr. Emilio Vidal Osorio V\u00e1squez - Cardi\u00f3logo intervencionista-fundador de Cardi\u00f3logos del Caf\u00e9<\/figcaption>\n\t\t\t\t\t\t\t\t\t\t<\/figure>\n\t\t\t\t\t\t\t\t\t<\/div>\n\t\t\t\t<\/div>\n\t\t\t\t\t<\/div>\n\t\t<\/div>\n\t\t\t\t\t\t\t<\/div>\n\t\t<\/section>\n\t\t\t\t<section class=\"elementor-section elementor-top-section elementor-element elementor-element-576888f elementor-section-stretched elementor-section-boxed elementor-section-height-default elementor-section-height-default\" data-id=\"576888f\" data-element_type=\"section\" data-settings=\"{&quot;stretch_section&quot;:&quot;section-stretched&quot;}\">\n\t\t\t\t\t\t<div class=\"elementor-container elementor-column-gap-wider\">\n\t\t\t\t\t<div class=\"elementor-column elementor-col-50 elementor-top-column elementor-element elementor-element-40b574b\" data-id=\"40b574b\" data-element_type=\"column\">\n\t\t\t<div class=\"elementor-widget-wrap elementor-element-populated\">\n\t\t\t\t\t\t\t\t<div class=\"elementor-element elementor-element-56b7708 elementor-widget elementor-widget-image\" data-id=\"56b7708\" data-element_type=\"widget\" data-widget_type=\"image.default\">\n\t\t\t\t<div class=\"elementor-widget-container\">\n\t\t\t\t\t\t\t\t\t\t\t\t\t\t\t<img loading=\"lazy\" decoding=\"async\" width=\"1024\" height=\"1009\" src=\"https:\/\/cardiologosdelcafe.com\/wp-content\/uploads\/2024\/03\/MISION-FORMATO-1024-X-1009.png\" class=\"attachment-large size-large\" alt=\"\" srcset=\"https:\/\/cardiologosdelcafe.com\/wp-content\/uploads\/2024\/03\/MISION-FORMATO-1024-X-1009.png 1024w, https:\/\/cardiologosdelcafe.com\/wp-content\/uploads\/2024\/03\/MISION-FORMATO-1024-X-1009-300x296.png 300w, https:\/\/cardiologosdelcafe.com\/wp-content\/uploads\/2024\/03\/MISION-FORMATO-1024-X-1009-768x757.png 768w, https:\/\/cardiologosdelcafe.com\/wp-content\/uploads\/2024\/03\/MISION-FORMATO-1024-X-1009-148x146.png 148w, https:\/\/cardiologosdelcafe.com\/wp-content\/uploads\/2024\/03\/MISION-FORMATO-1024-X-1009-50x50.png 50w, https:\/\/cardiologosdelcafe.com\/wp-content\/uploads\/2024\/03\/MISION-FORMATO-1024-X-1009-76x75.png 76w, https:\/\/cardiologosdelcafe.com\/wp-content\/uploads\/2024\/03\/MISION-FORMATO-1024-X-1009-85x85.png 85w, https:\/\/cardiologosdelcafe.com\/wp-content\/uploads\/2024\/03\/MISION-FORMATO-1024-X-1009-80x80.png 80w\" sizes=\"auto, (max-width: 1024px) 100vw, 1024px\" \/>\t\t\t\t\t\t\t\t\t\t\t\t\t\t\t<\/div>\n\t\t\t\t<\/div>\n\t\t\t\t\t<\/div>\n\t\t<\/div>\n\t\t\t\t<div class=\"elementor-column elementor-col-50 elementor-top-column elementor-element elementor-element-af09897\" data-id=\"af09897\" data-element_type=\"column\">\n\t\t\t<div class=\"elementor-widget-wrap elementor-element-populated\">\n\t\t\t\t\t\t\t\t<div class=\"elementor-element elementor-element-d5ccb45 elementor-widget elementor-widget-text-editor\" data-id=\"d5ccb45\" data-element_type=\"widget\" data-widget_type=\"text-editor.default\">\n\t\t\t\t<div class=\"elementor-widget-container\">\n\t\t\t\t\t\t\t<h2>MISI\u00d3N<\/h2><hr class=\"no_line\" \/><p>Cardi\u00f3logos del Caf\u00e9 es una instituci\u00f3n prestadora de servicios de salud de mediana y alta complejidad del centro occidente colombiano, que tiene como prop\u00f3sito diagnosticar y dar tratamiento oportuno a pacientes con enfermedad cardiovascular a trav\u00e9s de estudios invasivos y no invasivos, contando con un talento humano competente, recursos tecnol\u00f3gicos idoneos y procesos estandarizados.<\/p>\t\t\t\t\t\t<\/div>\n\t\t\t\t<\/div>\n\t\t\t\t\t<\/div>\n\t\t<\/div>\n\t\t\t\t\t\t\t<\/div>\n\t\t<\/section>\n\t\t\t\t<section class=\"elementor-section elementor-top-section elementor-element elementor-element-d9c5ed0 elementor-hidden-mobile elementor-section-boxed elementor-section-height-default elementor-section-height-default\" data-id=\"d9c5ed0\" data-element_type=\"section\">\n\t\t\t\t\t\t<div class=\"elementor-container elementor-column-gap-default\">\n\t\t\t\t\t<div class=\"elementor-column elementor-col-50 elementor-top-column elementor-element elementor-element-b5d8255\" data-id=\"b5d8255\" data-element_type=\"column\">\n\t\t\t<div class=\"elementor-widget-wrap elementor-element-populated\">\n\t\t\t\t\t\t\t\t<div class=\"elementor-element elementor-element-068e913 elementor-widget elementor-widget-text-editor\" data-id=\"068e913\" data-element_type=\"widget\" data-widget_type=\"text-editor.default\">\n\t\t\t\t<div class=\"elementor-widget-container\">\n\t\t\t\t\t\t\t<h2><strong>VISI\u00d3N<\/strong><\/h2><p>Para el a\u00f1o 2027 Cardi\u00f3logos de caf\u00e9 ser\u00e1 una instituci\u00f3n prestadora de servicios dentro de las redes integrales de atenci\u00f3n en salud, reconocida por altos est\u00e1ndares de calidad en procesos de acreditaci\u00f3n y diferenciada por una atenci\u00f3n humanizada, oportuna, integral y segura.<\/p>\t\t\t\t\t\t<\/div>\n\t\t\t\t<\/div>\n\t\t\t\t\t<\/div>\n\t\t<\/div>\n\t\t\t\t<div class=\"elementor-column elementor-col-50 elementor-top-column elementor-element elementor-element-2deb428\" data-id=\"2deb428\" data-element_type=\"column\">\n\t\t\t<div class=\"elementor-widget-wrap elementor-element-populated\">\n\t\t\t\t\t\t\t\t<div class=\"elementor-element elementor-element-87fc515 elementor-widget elementor-widget-image\" data-id=\"87fc515\" data-element_type=\"widget\" data-widget_type=\"image.default\">\n\t\t\t\t<div class=\"elementor-widget-container\">\n\t\t\t\t\t\t\t\t\t\t\t\t\t\t\t<img loading=\"lazy\" decoding=\"async\" width=\"1024\" height=\"1009\" src=\"https:\/\/cardiologosdelcafe.com\/wp-content\/uploads\/2024\/03\/VISION-FORMATO-1024-X-1009.png\" class=\"attachment-large size-large\" alt=\"\" srcset=\"https:\/\/cardiologosdelcafe.com\/wp-content\/uploads\/2024\/03\/VISION-FORMATO-1024-X-1009.png 1024w, https:\/\/cardiologosdelcafe.com\/wp-content\/uploads\/2024\/03\/VISION-FORMATO-1024-X-1009-300x296.png 300w, https:\/\/cardiologosdelcafe.com\/wp-content\/uploads\/2024\/03\/VISION-FORMATO-1024-X-1009-768x757.png 768w, https:\/\/cardiologosdelcafe.com\/wp-content\/uploads\/2024\/03\/VISION-FORMATO-1024-X-1009-148x146.png 148w, https:\/\/cardiologosdelcafe.com\/wp-content\/uploads\/2024\/03\/VISION-FORMATO-1024-X-1009-50x50.png 50w, https:\/\/cardiologosdelcafe.com\/wp-content\/uploads\/2024\/03\/VISION-FORMATO-1024-X-1009-76x75.png 76w, https:\/\/cardiologosdelcafe.com\/wp-content\/uploads\/2024\/03\/VISION-FORMATO-1024-X-1009-85x85.png 85w, https:\/\/cardiologosdelcafe.com\/wp-content\/uploads\/2024\/03\/VISION-FORMATO-1024-X-1009-80x80.png 80w\" sizes=\"auto, (max-width: 1024px) 100vw, 1024px\" \/>\t\t\t\t\t\t\t\t\t\t\t\t\t\t\t<\/div>\n\t\t\t\t<\/div>\n\t\t\t\t\t<\/div>\n\t\t<\/div>\n\t\t\t\t\t\t\t<\/div>\n\t\t<\/section>\n\t\t\t\t<section class=\"elementor-section elementor-top-section elementor-element elementor-element-37aefd8 elementor-hidden-desktop elementor-hidden-tablet elementor-section-boxed elementor-section-height-default elementor-section-height-default\" data-id=\"37aefd8\" data-element_type=\"section\">\n\t\t\t\t\t\t<div class=\"elementor-container elementor-column-gap-default\">\n\t\t\t\t\t<div class=\"elementor-column elementor-col-50 elementor-top-column elementor-element elementor-element-86fc8ed\" data-id=\"86fc8ed\" data-element_type=\"column\">\n\t\t\t<div class=\"elementor-widget-wrap elementor-element-populated\">\n\t\t\t\t\t\t\t\t<div class=\"elementor-element elementor-element-b36a040 elementor-hidden-desktop elementor-hidden-tablet elementor-widget elementor-widget-text-editor\" data-id=\"b36a040\" data-element_type=\"widget\" data-widget_type=\"text-editor.default\">\n\t\t\t\t<div class=\"elementor-widget-container\">\n\t\t\t\t\t\t\t<h2 style=\"font-style: normal; font-variant-ligatures: normal; font-variant-caps: normal; letter-spacing: normal;\">VISI\u00d3N<\/h2><p style=\"font-style: normal; font-variant-ligatures: normal; font-variant-caps: normal; font-weight: 400; font-size: 14px; font-family: 'Open Sans', Helvetica, Arial, sans-serif;\">Para el a\u00f1o 2027 Cardi\u00f3logos de caf\u00e9 ser\u00e1 una instituci\u00f3n prestadora de servicios dentro de las redes integrales de atenci\u00f3n en salud, reconocida por altos est\u00e1ndares de calidad en procesos de acreditaci\u00f3n y diferenciada por una atenci\u00f3n humanizada, oportuna, integral y segura.<\/p>\t\t\t\t\t\t<\/div>\n\t\t\t\t<\/div>\n\t\t\t\t\t<\/div>\n\t\t<\/div>\n\t\t\t\t<div class=\"elementor-column elementor-col-50 elementor-top-column elementor-element elementor-element-0a21a87\" data-id=\"0a21a87\" data-element_type=\"column\">\n\t\t\t<div class=\"elementor-widget-wrap elementor-element-populated\">\n\t\t\t\t\t\t\t\t<div class=\"elementor-element elementor-element-1137e55 elementor-widget elementor-widget-image\" data-id=\"1137e55\" data-element_type=\"widget\" data-widget_type=\"image.default\">\n\t\t\t\t<div class=\"elementor-widget-container\">\n\t\t\t\t\t\t\t\t\t\t\t\t\t\t\t<img loading=\"lazy\" decoding=\"async\" width=\"1024\" height=\"1001\" src=\"https:\/\/cardiologosdelcafe.com\/wp-content\/uploads\/2024\/03\/WhatsApp-Image-2024-03-03-at-11.00.13-AM-1024x1001.jpeg\" class=\"attachment-large size-large\" alt=\"\" srcset=\"https:\/\/cardiologosdelcafe.com\/wp-content\/uploads\/2024\/03\/WhatsApp-Image-2024-03-03-at-11.00.13-AM-1024x1001.jpeg 1024w, https:\/\/cardiologosdelcafe.com\/wp-content\/uploads\/2024\/03\/WhatsApp-Image-2024-03-03-at-11.00.13-AM-300x293.jpeg 300w, https:\/\/cardiologosdelcafe.com\/wp-content\/uploads\/2024\/03\/WhatsApp-Image-2024-03-03-at-11.00.13-AM-768x751.jpeg 768w, https:\/\/cardiologosdelcafe.com\/wp-content\/uploads\/2024\/03\/WhatsApp-Image-2024-03-03-at-11.00.13-AM-149x146.jpeg 149w, https:\/\/cardiologosdelcafe.com\/wp-content\/uploads\/2024\/03\/WhatsApp-Image-2024-03-03-at-11.00.13-AM-50x50.jpeg 50w, https:\/\/cardiologosdelcafe.com\/wp-content\/uploads\/2024\/03\/WhatsApp-Image-2024-03-03-at-11.00.13-AM-77x75.jpeg 77w, https:\/\/cardiologosdelcafe.com\/wp-content\/uploads\/2024\/03\/WhatsApp-Image-2024-03-03-at-11.00.13-AM.jpeg 1290w\" sizes=\"auto, (max-width: 1024px) 100vw, 1024px\" \/>\t\t\t\t\t\t\t\t\t\t\t\t\t\t\t<\/div>\n\t\t\t\t<\/div>\n\t\t\t\t\t<\/div>\n\t\t<\/div>\n\t\t\t\t\t\t\t<\/div>\n\t\t<\/section>\n\t\t\t\t<section class=\"elementor-section elementor-top-section elementor-element elementor-element-ac28d73 elementor-section-stretched elementor-section-boxed elementor-section-height-default elementor-section-height-default\" data-id=\"ac28d73\" data-element_type=\"section\" data-settings=\"{&quot;background_background&quot;:&quot;classic&quot;,&quot;stretch_section&quot;:&quot;section-stretched&quot;}\">\n\t\t\t\t\t\t<div class=\"elementor-container elementor-column-gap-wider\">\n\t\t\t\t\t<div class=\"elementor-column elementor-col-100 elementor-top-column elementor-element elementor-element-f233d96\" data-id=\"f233d96\" data-element_type=\"column\">\n\t\t\t<div class=\"elementor-widget-wrap elementor-element-populated\">\n\t\t\t\t\t\t\t\t<div class=\"elementor-element elementor-element-0fd142d elementor-widget elementor-widget-text-editor\" data-id=\"0fd142d\" data-element_type=\"widget\" data-widget_type=\"text-editor.default\">\n\t\t\t\t<div class=\"elementor-widget-container\">\n\t\t\t\t\t\t\t<h1>NUESTROS VALORES CORPORATIVOS<\/h1>\t\t\t\t\t\t<\/div>\n\t\t\t\t<\/div>\n\t\t\t\t<section class=\"elementor-section elementor-inner-section elementor-element elementor-element-3160faa elementor-section-content-middle elementor-section-boxed elementor-section-height-default elementor-section-height-default\" data-id=\"3160faa\" data-element_type=\"section\">\n\t\t\t\t\t\t<div class=\"elementor-container elementor-column-gap-default\">\n\t\t\t\t\t<div class=\"elementor-column elementor-col-25 elementor-inner-column elementor-element elementor-element-7312598\" data-id=\"7312598\" data-element_type=\"column\">\n\t\t\t<div class=\"elementor-widget-wrap elementor-element-populated\">\n\t\t\t\t\t\t\t\t<div class=\"elementor-element elementor-element-1caac5e elementor-widget elementor-widget-image\" data-id=\"1caac5e\" data-element_type=\"widget\" data-widget_type=\"image.default\">\n\t\t\t\t<div class=\"elementor-widget-container\">\n\t\t\t\t\t\t\t\t\t\t\t\t\t\t\t<img loading=\"lazy\" decoding=\"async\" width=\"55\" height=\"56\" src=\"https:\/\/cardiologosdelcafe.com\/wp-content\/uploads\/2020\/08\/firm2-about-icon-1.png\" class=\"attachment-large size-large\" alt=\"\" srcset=\"https:\/\/cardiologosdelcafe.com\/wp-content\/uploads\/2020\/08\/firm2-about-icon-1.png 55w, https:\/\/cardiologosdelcafe.com\/wp-content\/uploads\/2020\/08\/firm2-about-icon-1-50x50.png 50w\" sizes=\"auto, (max-width: 55px) 100vw, 55px\" \/>\t\t\t\t\t\t\t\t\t\t\t\t\t\t\t<\/div>\n\t\t\t\t<\/div>\n\t\t\t\t<div class=\"elementor-element elementor-element-c9e98d7 elementor-widget elementor-widget-text-editor\" data-id=\"c9e98d7\" data-element_type=\"widget\" data-widget_type=\"text-editor.default\">\n\t\t\t\t<div class=\"elementor-widget-container\">\n\t\t\t\t\t\t\t<h4 class=\"title\">RESPETO<\/h4>\t\t\t\t\t\t<\/div>\n\t\t\t\t<\/div>\n\t\t\t\t\t<\/div>\n\t\t<\/div>\n\t\t\t\t<div class=\"elementor-column elementor-col-25 elementor-inner-column elementor-element elementor-element-05509bf\" data-id=\"05509bf\" data-element_type=\"column\">\n\t\t\t<div class=\"elementor-widget-wrap elementor-element-populated\">\n\t\t\t\t\t\t\t\t<div class=\"elementor-element elementor-element-a1927b4 elementor-widget elementor-widget-image\" data-id=\"a1927b4\" data-element_type=\"widget\" data-widget_type=\"image.default\">\n\t\t\t\t<div class=\"elementor-widget-container\">\n\t\t\t\t\t\t\t\t\t\t\t\t\t\t\t<img loading=\"lazy\" decoding=\"async\" width=\"55\" height=\"56\" src=\"https:\/\/cardiologosdelcafe.com\/wp-content\/uploads\/2020\/08\/firm2-about-icon-2.png\" class=\"attachment-large size-large\" alt=\"\" srcset=\"https:\/\/cardiologosdelcafe.com\/wp-content\/uploads\/2020\/08\/firm2-about-icon-2.png 55w, https:\/\/cardiologosdelcafe.com\/wp-content\/uploads\/2020\/08\/firm2-about-icon-2-50x50.png 50w\" sizes=\"auto, (max-width: 55px) 100vw, 55px\" \/>\t\t\t\t\t\t\t\t\t\t\t\t\t\t\t<\/div>\n\t\t\t\t<\/div>\n\t\t\t\t<div class=\"elementor-element elementor-element-b146722 elementor-widget elementor-widget-text-editor\" data-id=\"b146722\" data-element_type=\"widget\" data-widget_type=\"text-editor.default\">\n\t\t\t\t<div class=\"elementor-widget-container\">\n\t\t\t\t\t\t\t<h4 class=\"title\">RESPONSABILIDAD<\/h4>\t\t\t\t\t\t<\/div>\n\t\t\t\t<\/div>\n\t\t\t\t\t<\/div>\n\t\t<\/div>\n\t\t\t\t<div class=\"elementor-column elementor-col-25 elementor-inner-column elementor-element elementor-element-1525099\" data-id=\"1525099\" data-element_type=\"column\">\n\t\t\t<div class=\"elementor-widget-wrap elementor-element-populated\">\n\t\t\t\t\t\t\t\t<div class=\"elementor-element elementor-element-43be667 elementor-widget elementor-widget-image\" data-id=\"43be667\" data-element_type=\"widget\" data-widget_type=\"image.default\">\n\t\t\t\t<div class=\"elementor-widget-container\">\n\t\t\t\t\t\t\t\t\t\t\t\t\t\t\t<img loading=\"lazy\" decoding=\"async\" width=\"55\" height=\"56\" src=\"https:\/\/cardiologosdelcafe.com\/wp-content\/uploads\/2020\/08\/firm2-about-icon-3.png\" class=\"attachment-large size-large\" alt=\"\" srcset=\"https:\/\/cardiologosdelcafe.com\/wp-content\/uploads\/2020\/08\/firm2-about-icon-3.png 55w, https:\/\/cardiologosdelcafe.com\/wp-content\/uploads\/2020\/08\/firm2-about-icon-3-50x50.png 50w\" sizes=\"auto, (max-width: 55px) 100vw, 55px\" \/>\t\t\t\t\t\t\t\t\t\t\t\t\t\t\t<\/div>\n\t\t\t\t<\/div>\n\t\t\t\t<div class=\"elementor-element elementor-element-4157202 elementor-widget elementor-widget-text-editor\" data-id=\"4157202\" data-element_type=\"widget\" data-widget_type=\"text-editor.default\">\n\t\t\t\t<div class=\"elementor-widget-container\">\n\t\t\t\t\t\t\t<h4 class=\"title\">HONESTIDAD<\/h4>\t\t\t\t\t\t<\/div>\n\t\t\t\t<\/div>\n\t\t\t\t\t<\/div>\n\t\t<\/div>\n\t\t\t\t<div class=\"elementor-column elementor-col-25 elementor-inner-column elementor-element elementor-element-1658797\" data-id=\"1658797\" data-element_type=\"column\">\n\t\t\t<div class=\"elementor-widget-wrap elementor-element-populated\">\n\t\t\t\t\t\t\t\t<div class=\"elementor-element elementor-element-64ba344 elementor-widget elementor-widget-image\" data-id=\"64ba344\" data-element_type=\"widget\" data-widget_type=\"image.default\">\n\t\t\t\t<div class=\"elementor-widget-container\">\n\t\t\t\t\t\t\t\t\t\t\t\t\t\t\t<img loading=\"lazy\" decoding=\"async\" width=\"55\" height=\"56\" src=\"https:\/\/cardiologosdelcafe.com\/wp-content\/uploads\/2020\/08\/firm2-about-icon-4.png\" class=\"attachment-large size-large\" alt=\"\" srcset=\"https:\/\/cardiologosdelcafe.com\/wp-content\/uploads\/2020\/08\/firm2-about-icon-4.png 55w, https:\/\/cardiologosdelcafe.com\/wp-content\/uploads\/2020\/08\/firm2-about-icon-4-50x50.png 50w\" sizes=\"auto, (max-width: 55px) 100vw, 55px\" \/>\t\t\t\t\t\t\t\t\t\t\t\t\t\t\t<\/div>\n\t\t\t\t<\/div>\n\t\t\t\t<div class=\"elementor-element elementor-element-d736274 elementor-widget elementor-widget-text-editor\" data-id=\"d736274\" data-element_type=\"widget\" data-widget_type=\"text-editor.default\">\n\t\t\t\t<div class=\"elementor-widget-container\">\n\t\t\t\t\t\t\t<h4 class=\"title\">COMPROMISO<\/h4>\t\t\t\t\t\t<\/div>\n\t\t\t\t<\/div>\n\t\t\t\t\t<\/div>\n\t\t<\/div>\n\t\t\t\t\t\t\t<\/div>\n\t\t<\/section>\n\t\t\t\t\t<\/div>\n\t\t<\/div>\n\t\t\t\t\t\t\t<\/div>\n\t\t<\/section>\n\t\t\t\t<section class=\"elementor-section elementor-top-section elementor-element elementor-element-39d74e1 elementor-section-stretched elementor-section-boxed elementor-section-height-default elementor-section-height-default\" data-id=\"39d74e1\" data-element_type=\"section\" data-settings=\"{&quot;stretch_section&quot;:&quot;section-stretched&quot;}\">\n\t\t\t\t\t\t<div class=\"elementor-container elementor-column-gap-wider\">\n\t\t\t\t\t<div class=\"elementor-column elementor-col-100 elementor-top-column elementor-element elementor-element-60dcbf7\" data-id=\"60dcbf7\" data-element_type=\"column\">\n\t\t\t<div class=\"elementor-widget-wrap elementor-element-populated\">\n\t\t\t\t\t\t\t\t<div class=\"elementor-element elementor-element-7f97e04 elementor-widget elementor-widget-text-editor\" data-id=\"7f97e04\" data-element_type=\"widget\" data-widget_type=\"text-editor.default\">\n\t\t\t\t<div class=\"elementor-widget-container\">\n\t\t\t\t\t\t\t<h1>POLITICA DE SEGURIDAD DEL PACIENTE<\/h1>\t\t\t\t\t\t<\/div>\n\t\t\t\t<\/div>\n\t\t\t\t\t<\/div>\n\t\t<\/div>\n\t\t\t\t\t\t\t<\/div>\n\t\t<\/section>\n\t\t\t\t<section class=\"elementor-section elementor-top-section elementor-element elementor-element-8673bd3 elementor-section-stretched elementor-section-boxed elementor-section-height-default elementor-section-height-default\" data-id=\"8673bd3\" data-element_type=\"section\" data-settings=\"{&quot;stretch_section&quot;:&quot;section-stretched&quot;}\">\n\t\t\t\t\t\t<div class=\"elementor-container elementor-column-gap-wider\">\n\t\t\t\t\t<div class=\"elementor-column elementor-col-50 elementor-top-column elementor-element elementor-element-6016ad3\" data-id=\"6016ad3\" data-element_type=\"column\">\n\t\t\t<div class=\"elementor-widget-wrap elementor-element-populated\">\n\t\t\t\t\t\t\t\t<div class=\"elementor-element elementor-element-2213402 elementor-widget elementor-widget-text-editor\" data-id=\"2213402\" data-element_type=\"widget\" data-widget_type=\"text-editor.default\">\n\t\t\t\t<div class=\"elementor-widget-container\">\n\t\t\t\t\t\t\t<p>Cardiologos del Cafe\u00a0 fomenta la cultura de respeto por la vida, la dignidad y los derechos de los pacientes y usuarios, propiciando una atenci\u00f3n pertinente, oportuna y con alto nivel \u00e9tico, que garanticen la satisfacci\u00f3n de los usuarios, a trav\u00e9s del seguimiento y mejoramiento continuo en todos los procesos que afecten la calidad y seguridad en la atenci\u00f3n.<\/p>\t\t\t\t\t\t<\/div>\n\t\t\t\t<\/div>\n\t\t\t\t\t<\/div>\n\t\t<\/div>\n\t\t\t\t<div class=\"elementor-column elementor-col-50 elementor-top-column elementor-element elementor-element-578bdd6\" data-id=\"578bdd6\" data-element_type=\"column\">\n\t\t\t<div class=\"elementor-widget-wrap elementor-element-populated\">\n\t\t\t\t\t\t\t\t<div class=\"elementor-element elementor-element-f9c33bf elementor-widget elementor-widget-mfn_chart\" data-id=\"f9c33bf\" data-element_type=\"widget\" data-widget_type=\"mfn_chart.default\">\n\t\t\t\t<div class=\"elementor-widget-container\">\n\t\t\t<div class=\"chart_box\"><div class=\"chart\" data-percent=\"75\" data-bar-color=\"#0089F7\" ><div class=\"num\">-2%<\/div><\/div><p><big>Proporci\u00f3n de eventos adversos<\/big><\/p><\/div>\n\t\t<\/div>\n\t\t\t\t<\/div>\n\t\t\t\t\t<\/div>\n\t\t<\/div>\n\t\t\t\t\t\t\t<\/div>\n\t\t<\/section>\n\t\t\t\t\t\t<\/div>\n\t\t\t\t\t<\/div>\n\t\t","protected":false},"excerpt":{"rendered":"<p>Cardi\u00f3logos del Caf\u00e9 SAS Es una Instituci\u00f3n Prestadora de Servicios de Salud (IPS) de alta complejidad, inscrita en el Registro Especial de Prestadores de Servicios de<span class=\"excerpt-hellip\"> [\u2026]<\/span><\/p>\n","protected":false},"author":1,"featured_media":0,"parent":0,"menu_order":0,"comment_status":"closed","ping_status":"closed","template":"","meta":{"footnotes":""},"class_list":["post-45","page","type-page","status-publish","hentry"],"_links":{"self":[{"href":"https:\/\/cardiologosdelcafe.com\/index.php?rest_route=\/wp\/v2\/pages\/45","targetHints":{"allow":["GET"]}}],"collection":[{"href":"https:\/\/cardiologosdelcafe.com\/index.php?rest_route=\/wp\/v2\/pages"}],"about":[{"href":"https:\/\/cardiologosdelcafe.com\/index.php?rest_route=\/wp\/v2\/types\/page"}],"author":[{"embeddable":true,"href":"https:\/\/cardiologosdelcafe.com\/index.php?rest_route=\/wp\/v2\/users\/1"}],"replies":[{"embeddable":true,"href":"https:\/\/cardiologosdelcafe.com\/index.php?rest_route=%2Fwp%2Fv2%2Fcomments&post=45"}],"version-history":[{"count":67,"href":"https:\/\/cardiologosdelcafe.com\/index.php?rest_route=\/wp\/v2\/pages\/45\/revisions"}],"predecessor-version":[{"id":571,"href":"https:\/\/cardiologosdelcafe.com\/index.php?rest_route=\/wp\/v2\/pages\/45\/revisions\/571"}],"wp:attachment":[{"href":"https:\/\/cardiologosdelcafe.com\/index.php?rest_route=%2Fwp%2Fv2%2Fmedia&parent=45"}],"curies":[{"name":"wp","href":"https:\/\/api.w.org\/{rel}","templated":true}]}}